{"id":461,"date":"2026-01-24T08:47:15","date_gmt":"2026-01-24T08:47:15","guid":{"rendered":"https:\/\/grupofraes.es\/?page_id=461"},"modified":"2026-02-11T06:16:25","modified_gmt":"2026-02-11T06:16:25","slug":"portfolio","status":"publish","type":"page","link":"https:\/\/grupofraes.com\/en\/portfolio","title":{"rendered":"PORTFOLIO"},"content":{"rendered":"<p>[et_pb_section fb_built=\u00bb1&#8243; admin_label=\u00bbProjects\u00bb _builder_version=\u00bb4.20.0&#8243; _module_preset=\u00bbdefault\u00bb locked=\u00bboff\u00bb collapsed=\u00bbon\u00bb global_colors_info=\u00bb{}\u00bb][et_pb_row admin_label=\u00bbFila\u00bb _builder_version=\u00bb4.24.0&#8243; _module_preset=\u00bbdefault\u00bb global_colors_info=\u00bb{}\u00bb][et_pb_column type=\u00bb4_4&#8243; _builder_version=\u00bb4.20.0&#8243; _module_preset=\u00bbdefault\u00bb custom_padding_tablet=\u00bb||30px||false|false\u00bb custom_padding_phone=\u00bb||30px||false|false\u00bb custom_padding_last_edited=\u00bbon|tablet\u00bb global_colors_info=\u00bb{}\u00bb][et_pb_text _builder_version=\u00bb4.24.0&#8243; _module_preset=\u00bb90909e92-deda-4319-82d9-4fdd6773f1a0&#8243; custom_margin=\u00bb||10px||false|false\u00bb global_colors_info=\u00bb{}\u00bb]<\/p>\n<h4>Villa Rosario\u00a0<\/h4>\n<p>[\/et_pb_text][et_pb_image src=\u00bbhttps:\/\/grupofraes.com\/wp-content\/uploads\/2026\/01\/DSC_5886.jpg\u00bb title_text=\u00bbDSC_5886&#8243; _builder_version=\u00bb4.27.5&#8243; _module_preset=\u00bbdefault\u00bb border_radii=\u00bbon|10px|10px|10px|10px\u00bb box_shadow_style=\u00bbpreset1&#8243; global_colors_info=\u00bb{}\u00bb][\/et_pb_image][et_pb_text _builder_version=\u00bb4.24.0&#8243; _module_preset=\u00bbc17e202d-c3c9-4f70-8db6-68c9c638dca8&#8243; global_colors_info=\u00bb{}\u00bb]<\/p>\n<div class=\"elementor-element elementor-element-845f746 e-flex e-con-boxed e-con e-parent e-lazyloaded\" data-id=\"845f746\" data-element_type=\"container\" data-settings=\"{&quot;background_background&quot;:&quot;classic&quot;}\">\n<div class=\"e-con-inner\">\n<div class=\"elementor-element elementor-element-ea51087 e-flex e-con-boxed e-con e-child\" data-id=\"ea51087\" data-element_type=\"container\">\n<div class=\"e-con-inner\">\n<div class=\"elementor-element elementor-element-ebf8712 elementor-widget elementor-widget-text-editor\" data-id=\"ebf8712\" data-element_type=\"widget\" data-widget_type=\"text-editor.default\">\n<p>Esta villa contempor\u00e1nea en Marbella, ubicada en la exclusiva Urbanizaci\u00f3n El Rosario, combina a la perfecci\u00f3n la arquitectura moderna con el estilo de vida mediterr\u00e1neo. Su fachada blanca y depurada, con l\u00edneas sim\u00e9tricas y vol\u00famenes bien definidos, transmite elegancia, luminosidad y sofisticaci\u00f3n.<\/p>\n<p>2025<\/p>\n<\/div>\n<\/div>\n<\/div>\n<\/div>\n<\/div>\n<p>[\/et_pb_text][et_pb_button button_url=\u00bb@ET-DC@eyJkeW5hbWljIjp0cnVlLCJjb250ZW50IjoicG9zdF9saW5rX3VybF9wcm9qZWN0Iiwic2V0dGluZ3MiOnsicG9zdF9pZCI6Ijg5MCJ9fQ==@\u00bb button_text=\u00bbVer proyecto\u00bb button_alignment=\u00bbleft\u00bb disabled_on=\u00bboff|off|off\u00bb _builder_version=\u00bb4.24.0&#8243; _dynamic_attributes=\u00bbbutton_url\u00bb _module_preset=\u00bbdefault\u00bb custom_button=\u00bbon\u00bb button_text_size=\u00bb16px\u00bb button_text_color=\u00bbgcid-e6f8585f-043d-4f05-ad96-fb05b9e45208&#8243; button_bg_color=\u00bbRGBA(255,255,255,0)\u00bb button_border_width=\u00bb3px\u00bb button_border_color=\u00bbgcid-e6f8585f-043d-4f05-ad96-fb05b9e45208&#8243; button_icon=\u00bb&#xe006;||divi||400&#8243; button_icon_color=\u00bbgcid-e6f8585f-043d-4f05-ad96-fb05b9e45208&#8243; button_on_hover=\u00bboff\u00bb background_layout=\u00bbdark\u00bb global_colors_info=\u00bb{%22gcid-e6f8585f-043d-4f05-ad96-fb05b9e45208%22:%91%22button_icon_color%22,%22button_text_color%22,%22button_border_color%22%93}\u00bb][\/et_pb_button][et_pb_text _builder_version=\u00bb4.24.0&#8243; _module_preset=\u00bb90909e92-deda-4319-82d9-4fdd6773f1a0&#8243; custom_margin=\u00bb||10px||false|false\u00bb global_colors_info=\u00bb{}\u00bb]<\/p>\n<h4>Villa San Antoni<\/h4>\n<p>[\/et_pb_text][et_pb_image src=\u00bbhttps:\/\/grupofraes.com\/wp-content\/uploads\/2026\/01\/Villa-Anotine-104-scaled-1.webp\u00bb title_text=\u00bbVilla-Anotine-104-scaled\u00bb _builder_version=\u00bb4.27.5&#8243; _module_preset=\u00bbdefault\u00bb border_radii=\u00bbon|10px|10px|10px|10px\u00bb box_shadow_style=\u00bbpreset1&#8243; global_colors_info=\u00bb{}\u00bb][\/et_pb_image][et_pb_text _builder_version=\u00bb4.24.0&#8243; _module_preset=\u00bbc17e202d-c3c9-4f70-8db6-68c9c638dca8&#8243; global_colors_info=\u00bb{}\u00bb]<\/p>\n<div class=\"elementor-element elementor-element-845f746 e-flex e-con-boxed e-con e-parent e-lazyloaded\" data-id=\"845f746\" data-element_type=\"container\" data-settings=\"{&quot;background_background&quot;:&quot;classic&quot;}\">\n<div class=\"e-con-inner\">\n<div class=\"elementor-element elementor-element-ea51087 e-flex e-con-boxed e-con e-child\" data-id=\"ea51087\" data-element_type=\"container\">\n<div class=\"e-con-inner\">\n<div class=\"elementor-element elementor-element-ebf8712 elementor-widget elementor-widget-text-editor\" data-id=\"ebf8712\" data-element_type=\"widget\" data-widget_type=\"text-editor.default\">\n<p>L\u00edneas modernas y vistas que lo envuelven todo, donde la arquitectura y el entorno se fusionan para ofrecer confort, luz natural y una experiencia \u00fanica de hogar.<\/p>\n<p>2025<\/p>\n<\/div>\n<\/div>\n<\/div>\n<\/div>\n<\/div>\n<p>[\/et_pb_text][et_pb_button button_url=\u00bb@ET-DC@eyJkeW5hbWljIjp0cnVlLCJjb250ZW50IjoicG9zdF9saW5rX3VybF9wcm9qZWN0Iiwic2V0dGluZ3MiOnsicG9zdF9pZCI6Ijc2NSJ9fQ==@\u00bb button_text=\u00bbVer proyecto\u00bb button_alignment=\u00bbleft\u00bb disabled_on=\u00bboff|off|off\u00bb _builder_version=\u00bb4.24.0&#8243; _dynamic_attributes=\u00bbbutton_url\u00bb _module_preset=\u00bbdefault\u00bb custom_button=\u00bbon\u00bb button_text_size=\u00bb16px\u00bb button_text_color=\u00bbgcid-e6f8585f-043d-4f05-ad96-fb05b9e45208&#8243; button_bg_color=\u00bbRGBA(255,255,255,0)\u00bb button_border_width=\u00bb3px\u00bb button_border_color=\u00bbgcid-e6f8585f-043d-4f05-ad96-fb05b9e45208&#8243; button_icon=\u00bb&#xe006;||divi||400&#8243; button_icon_color=\u00bbgcid-e6f8585f-043d-4f05-ad96-fb05b9e45208&#8243; button_on_hover=\u00bboff\u00bb background_layout=\u00bbdark\u00bb global_colors_info=\u00bb{%22gcid-e6f8585f-043d-4f05-ad96-fb05b9e45208%22:%91%22button_icon_color%22,%22button_text_color%22,%22button_border_color%22%93}\u00bb][\/et_pb_button][\/et_pb_column][\/et_pb_row][et_pb_row _builder_version=\u00bb4.24.0&#8243; _module_preset=\u00bbdefault\u00bb min_height=\u00bb36px\u00bb custom_padding=\u00bb0px||0px|||\u00bb global_colors_info=\u00bb{}\u00bb][et_pb_column type=\u00bb4_4&#8243; _builder_version=\u00bb4.24.0&#8243; _module_preset=\u00bbdefault\u00bb global_colors_info=\u00bb{}\u00bb][et_pb_text _builder_version=\u00bb4.24.0&#8243; _module_preset=\u00bb90909e92-deda-4319-82d9-4fdd6773f1a0&#8243; min_height=\u00bb100px\u00bb custom_margin=\u00bb||10px||false|false\u00bb custom_padding=\u00bb||0px|||\u00bb global_colors_info=\u00bb{}\u00bb]<\/p>\n<h4><\/h4>\n<h4><\/h4>\n<h4><\/h4>\n<h4><\/h4>\n<h4><\/h4>\n<h4><\/h4>\n<h4>Villa Capri<\/h4>\n<p>[\/et_pb_text][\/et_pb_column][\/et_pb_row][et_pb_row _builder_version=\u00bb4.24.0&#8243; _module_preset=\u00bbdefault\u00bb global_colors_info=\u00bb{}\u00bb][et_pb_column type=\u00bb4_4&#8243; _builder_version=\u00bb4.24.0&#8243; _module_preset=\u00bbdefault\u00bb global_colors_info=\u00bb{}\u00bb][et_pb_image src=\u00bbhttps:\/\/grupofraes.com\/wp-content\/uploads\/2026\/01\/Sin-titulo-scaled-1.webp\u00bb title_text=\u00bbSin-titulo-scaled\u00bb _builder_version=\u00bb4.27.5&#8243; _module_preset=\u00bbdefault\u00bb border_radii=\u00bbon|10px|10px|10px|10px\u00bb box_shadow_style=\u00bbpreset1&#8243; global_colors_info=\u00bb{}\u00bb][\/et_pb_image][et_pb_text _builder_version=\u00bb4.24.0&#8243; _module_preset=\u00bbc17e202d-c3c9-4f70-8db6-68c9c638dca8&#8243; global_colors_info=\u00bb{}\u00bb]<\/p>\n<div class=\"elementor-element elementor-element-845f746 e-flex e-con-boxed e-con e-parent e-lazyloaded\" data-id=\"845f746\" data-element_type=\"container\" data-settings=\"{&quot;background_background&quot;:&quot;classic&quot;}\">\n<div class=\"e-con-inner\">\n<div class=\"elementor-element elementor-element-ea51087 e-flex e-con-boxed e-con e-child\" data-id=\"ea51087\" data-element_type=\"container\">\n<div class=\"e-con-inner\">\n<div class=\"elementor-element elementor-element-ebf8712 elementor-widget elementor-widget-text-editor\" data-id=\"ebf8712\" data-element_type=\"widget\" data-widget_type=\"text-editor.default\">\n<p>Un oasis de luz, mar y tranquilidad en la Costa del Sol, donde cada espacio invita a la relajaci\u00f3n, la contemplaci\u00f3n del paisaje y el disfrute de momentos \u00fanicos junto al mar.<\/p>\n<p>2025<\/p>\n<\/div>\n<\/div>\n<\/div>\n<\/div>\n<\/div>\n<p>[\/et_pb_text][et_pb_button button_url=\u00bb@ET-DC@eyJkeW5hbWljIjp0cnVlLCJjb250ZW50IjoicG9zdF9saW5rX3VybF9wcm9qZWN0Iiwic2V0dGluZ3MiOnsicG9zdF9pZCI6IjQ1OCJ9fQ==@\u00bb button_text=\u00bbVer proyecto\u00bb button_alignment=\u00bbleft\u00bb disabled_on=\u00bboff|off|off\u00bb _builder_version=\u00bb4.24.0&#8243; _dynamic_attributes=\u00bbbutton_url\u00bb _module_preset=\u00bbdefault\u00bb custom_button=\u00bbon\u00bb button_text_size=\u00bb16px\u00bb button_text_color=\u00bbgcid-e6f8585f-043d-4f05-ad96-fb05b9e45208&#8243; button_bg_color=\u00bbRGBA(255,255,255,0)\u00bb button_border_width=\u00bb3px\u00bb button_border_color=\u00bbgcid-e6f8585f-043d-4f05-ad96-fb05b9e45208&#8243; button_icon=\u00bb&#xe006;||divi||400&#8243; button_icon_color=\u00bbgcid-e6f8585f-043d-4f05-ad96-fb05b9e45208&#8243; button_on_hover=\u00bboff\u00bb background_layout=\u00bbdark\u00bb global_colors_info=\u00bb{%22gcid-e6f8585f-043d-4f05-ad96-fb05b9e45208%22:%91%22button_icon_color%22,%22button_text_color%22,%22button_border_color%22%93}\u00bb][\/et_pb_button][et_pb_text _builder_version=\u00bb4.24.0&#8243; _module_preset=\u00bb90909e92-deda-4319-82d9-4fdd6773f1a0&#8243; min_height=\u00bb70px\u00bb custom_margin=\u00bb22px||10px||false|false\u00bb custom_padding=\u00bb||0px|||\u00bb global_colors_info=\u00bb{}\u00bb]<\/p>\n<h4><\/h4>\n<h4><\/h4>\n<h4><\/h4>\n<h4><\/h4>\n<h4><\/h4>\n<h4>Villa Atalaya<\/h4>\n<p>[\/et_pb_text][et_pb_image src=\u00bbhttps:\/\/grupofraes.com\/wp-content\/uploads\/2026\/01\/IMG_1625-scaled-Copy.webp\u00bb title_text=\u00bbIMG_1625-scaled &#8211; Copy\u00bb _builder_version=\u00bb4.27.5&#8243; _module_preset=\u00bbdefault\u00bb border_radii=\u00bbon|10px|10px|10px|10px\u00bb box_shadow_style=\u00bbpreset1&#8243; global_colors_info=\u00bb{}\u00bb][\/et_pb_image][et_pb_text _builder_version=\u00bb4.24.0&#8243; _module_preset=\u00bbc17e202d-c3c9-4f70-8db6-68c9c638dca8&#8243; global_colors_info=\u00bb{}\u00bb]<\/p>\n<div class=\"elementor-element elementor-element-845f746 e-flex e-con-boxed e-con e-parent e-lazyloaded\" data-id=\"845f746\" data-element_type=\"container\" data-settings=\"{&quot;background_background&quot;:&quot;classic&quot;}\">\n<div class=\"e-con-inner\">\n<div class=\"elementor-element elementor-element-ea51087 e-flex e-con-boxed e-con e-child\" data-id=\"ea51087\" data-element_type=\"container\">\n<div class=\"e-con-inner\">\n<div class=\"elementor-element elementor-element-ebf8712 elementor-widget elementor-widget-text-editor\" data-id=\"ebf8712\" data-element_type=\"widget\" data-widget_type=\"text-editor.default\">\n<div class=\"elementor-element elementor-element-845f746 e-flex e-con-boxed e-con e-parent e-lazyloaded\" data-id=\"845f746\" data-element_type=\"container\" data-settings=\"{&quot;background_background&quot;:&quot;classic&quot;}\">\n<div class=\"e-con-inner\">\n<div class=\"elementor-element elementor-element-ea51087 e-flex e-con-boxed e-con e-child\" data-id=\"ea51087\" data-element_type=\"container\">\n<div class=\"e-con-inner\">\n<div class=\"elementor-element elementor-element-ebf8712 elementor-widget elementor-widget-text-editor\" data-id=\"ebf8712\" data-element_type=\"widget\" data-widget_type=\"text-editor.default\">\n<p data-start=\"365\" data-end=\"469\">Un refugio contempor\u00e1neo junto al golf, donde la privacidad, la elegancia y la naturaleza crean un espacio \u00fanico para relajarse y disfrutar.<\/p>\n<p data-start=\"365\" data-end=\"469\">2023<\/p>\n<\/div>\n<\/div>\n<\/div>\n<\/div>\n<\/div>\n<\/div>\n<\/div>\n<\/div>\n<\/div>\n<\/div>\n<p>[\/et_pb_text][et_pb_button button_url=\u00bb@ET-DC@eyJkeW5hbWljIjp0cnVlLCJjb250ZW50IjoicG9zdF9saW5rX3VybF9wcm9qZWN0Iiwic2V0dGluZ3MiOnsicG9zdF9pZCI6Ijc4NyJ9fQ==@\u00bb button_text=\u00bbVer proyecto\u00bb button_alignment=\u00bbleft\u00bb disabled_on=\u00bboff|off|off\u00bb _builder_version=\u00bb4.24.0&#8243; _dynamic_attributes=\u00bbbutton_url\u00bb _module_preset=\u00bbdefault\u00bb custom_button=\u00bbon\u00bb button_text_size=\u00bb16px\u00bb button_text_color=\u00bbgcid-e6f8585f-043d-4f05-ad96-fb05b9e45208&#8243; button_bg_color=\u00bbRGBA(255,255,255,0)\u00bb button_border_width=\u00bb3px\u00bb button_border_color=\u00bbgcid-e6f8585f-043d-4f05-ad96-fb05b9e45208&#8243; button_icon=\u00bb&#xe006;||divi||400&#8243; button_icon_color=\u00bbgcid-e6f8585f-043d-4f05-ad96-fb05b9e45208&#8243; button_on_hover=\u00bboff\u00bb background_layout=\u00bbdark\u00bb global_colors_info=\u00bb{%22gcid-e6f8585f-043d-4f05-ad96-fb05b9e45208%22:%91%22button_icon_color%22,%22button_text_color%22,%22button_border_color%22%93}\u00bb][\/et_pb_button][et_pb_text _builder_version=\u00bb4.24.0&#8243; _module_preset=\u00bb90909e92-deda-4319-82d9-4fdd6773f1a0&#8243; min_height=\u00bb97px\u00bb custom_margin=\u00bb22px||10px||false|false\u00bb global_colors_info=\u00bb{}\u00bb]<\/p>\n<h4><\/h4>\n<h4><\/h4>\n<h4><\/h4>\n<h4><\/h4>\n<h4><\/h4>\n<h4>Villa Nag\u00dceles<\/h4>\n<p>[\/et_pb_text][et_pb_image src=\u00bbhttps:\/\/grupofraes.com\/wp-content\/uploads\/2026\/01\/WhatsApp-Image-2026-01-24-at-10.54.29.jpeg\u00bb title_text=\u00bbWhatsApp Image 2026-01-24 at 10.54.29&#8243; _builder_version=\u00bb4.27.5&#8243; _module_preset=\u00bbdefault\u00bb border_radii=\u00bbon|10px|10px|10px|10px\u00bb box_shadow_style=\u00bbpreset1&#8243; global_colors_info=\u00bb{}\u00bb][\/et_pb_image][et_pb_text _builder_version=\u00bb4.24.0&#8243; _module_preset=\u00bbc17e202d-c3c9-4f70-8db6-68c9c638dca8&#8243; global_colors_info=\u00bb{}\u00bb]<\/p>\n<div class=\"elementor-element elementor-element-ea51087 e-flex e-con-boxed e-con e-child\" data-id=\"ea51087\" data-element_type=\"container\">\n<div class=\"e-con-inner\">\n<div class=\"elementor-element elementor-element-ebf8712 elementor-widget elementor-widget-text-editor\" data-id=\"ebf8712\" data-element_type=\"widget\" data-widget_type=\"text-editor.default\">\n<p data-start=\"365\" data-end=\"469\">Dise\u00f1o atemporal en una de las zonas m\u00e1s exclusivas de Marbella, ofreciendo un refugio de lujo, confort y vistas incomparables.<\/p>\n<p data-start=\"365\" data-end=\"469\">2018<\/p>\n<\/div>\n<\/div>\n<\/div>\n<p>[\/et_pb_text][et_pb_button button_url=\u00bb@ET-DC@eyJkeW5hbWljIjp0cnVlLCJjb250ZW50IjoicG9zdF9saW5rX3VybF9wcm9qZWN0Iiwic2V0dGluZ3MiOnsicG9zdF9pZCI6Ijc4MyJ9fQ==@\u00bb button_text=\u00bbVer proyecto\u00bb button_alignment=\u00bbleft\u00bb disabled_on=\u00bboff|off|off\u00bb _builder_version=\u00bb4.24.0&#8243; _dynamic_attributes=\u00bbbutton_url\u00bb _module_preset=\u00bbdefault\u00bb custom_button=\u00bbon\u00bb button_text_size=\u00bb16px\u00bb button_text_color=\u00bbgcid-e6f8585f-043d-4f05-ad96-fb05b9e45208&#8243; button_bg_color=\u00bbRGBA(255,255,255,0)\u00bb button_border_width=\u00bb3px\u00bb button_border_color=\u00bbgcid-e6f8585f-043d-4f05-ad96-fb05b9e45208&#8243; button_icon=\u00bb&#xe006;||divi||400&#8243; button_icon_color=\u00bbgcid-e6f8585f-043d-4f05-ad96-fb05b9e45208&#8243; button_on_hover=\u00bboff\u00bb background_layout=\u00bbdark\u00bb global_colors_info=\u00bb{%22gcid-e6f8585f-043d-4f05-ad96-fb05b9e45208%22:%91%22button_icon_color%22,%22button_text_color%22,%22button_border_color%22%93}\u00bb][\/et_pb_button][\/et_pb_column][\/et_pb_row][\/et_pb_section]<\/p>","protected":false},"excerpt":{"rendered":"<p>Villa Rosario\u00a0 Esta villa contempor\u00e1nea en Marbella, ubicada en la exclusiva Urbanizaci\u00f3n El Rosario, combina a la perfecci\u00f3n la arquitectura moderna con el estilo de vida mediterr\u00e1neo. Su fachada blanca y depurada, con l\u00edneas sim\u00e9tricas y vol\u00famenes bien definidos, transmite elegancia, luminosidad y sofisticaci\u00f3n. 2025 Villa San Antoni L\u00edneas modernas y vistas que lo envuelven [&hellip;]<\/p>","protected":false},"author":2,"featured_media":0,"parent":0,"menu_order":0,"comment_status":"closed","ping_status":"closed","template":"","meta":{"_et_pb_use_builder":"on","_et_pb_old_content":"","_et_gb_content_width":"","_joinchat":[],"footnotes":""},"class_list":["post-461","page","type-page","status-publish","hentry"],"yoast_head":"<!-- This site is optimized with the Yoast SEO plugin v26.8 - https:\/\/yoast.com\/product\/yoast-seo-wordpress\/ -->\n<title>PORTFOLIO - Grupo Fraes<\/title>\n<meta name=\"robots\" content=\"index, follow, max-snippet:-1, max-image-preview:large, max-video-preview:-1\" \/>\n<link rel=\"canonical\" href=\"https:\/\/grupofraes.com\/en\/portfolio\/\" \/>\n<meta property=\"og:locale\" content=\"en_GB\" \/>\n<meta property=\"og:type\" content=\"article\" \/>\n<meta property=\"og:title\" content=\"PORTFOLIO - Grupo Fraes\" \/>\n<meta property=\"og:description\" content=\"Villa Rosario\u00a0 Esta villa contempor\u00e1nea en Marbella, ubicada en la exclusiva Urbanizaci\u00f3n El Rosario, combina a la perfecci\u00f3n la arquitectura moderna con el estilo de vida mediterr\u00e1neo. Su fachada blanca y depurada, con l\u00edneas sim\u00e9tricas y vol\u00famenes bien definidos, transmite elegancia, luminosidad y sofisticaci\u00f3n. 2025 Villa San Antoni L\u00edneas modernas y vistas que lo envuelven [&hellip;]\" \/>\n<meta property=\"og:url\" content=\"https:\/\/grupofraes.com\/en\/portfolio\/\" \/>\n<meta property=\"og:site_name\" content=\"Grupo Fraes\" \/>\n<meta property=\"article:modified_time\" content=\"2026-02-11T06:16:25+00:00\" \/>\n<meta name=\"twitter:card\" content=\"summary_large_image\" \/>\n<script type=\"application\/ld+json\" class=\"yoast-schema-graph\">{\"@context\":\"https:\/\/schema.org\",\"@graph\":[{\"@type\":\"WebPage\",\"@id\":\"https:\/\/grupofraes.com\/portfolio\",\"url\":\"https:\/\/grupofraes.com\/portfolio\",\"name\":\"PORTFOLIO - Grupo Fraes\",\"isPartOf\":{\"@id\":\"https:\/\/grupofraes.com\/#website\"},\"datePublished\":\"2026-01-24T08:47:15+00:00\",\"dateModified\":\"2026-02-11T06:16:25+00:00\",\"breadcrumb\":{\"@id\":\"https:\/\/grupofraes.com\/portfolio#breadcrumb\"},\"inLanguage\":\"en-GB\",\"potentialAction\":[{\"@type\":\"ReadAction\",\"target\":[\"https:\/\/grupofraes.com\/portfolio\"]}]},{\"@type\":\"BreadcrumbList\",\"@id\":\"https:\/\/grupofraes.com\/portfolio#breadcrumb\",\"itemListElement\":[{\"@type\":\"ListItem\",\"position\":1,\"name\":\"Portada\",\"item\":\"https:\/\/grupofraes.com\/\"},{\"@type\":\"ListItem\",\"position\":2,\"name\":\"PORTFOLIO\"}]},{\"@type\":\"WebSite\",\"@id\":\"https:\/\/grupofraes.com\/#website\",\"url\":\"https:\/\/grupofraes.com\/\",\"name\":\"Grupo Fraes\",\"description\":\"T\u00fa sue\u00f1as, nosotros lo construimos\",\"potentialAction\":[{\"@type\":\"SearchAction\",\"target\":{\"@type\":\"EntryPoint\",\"urlTemplate\":\"https:\/\/grupofraes.com\/?s={search_term_string}\"},\"query-input\":{\"@type\":\"PropertyValueSpecification\",\"valueRequired\":true,\"valueName\":\"search_term_string\"}}],\"inLanguage\":\"en-GB\"}]}<\/script>\n<!-- \/ Yoast SEO plugin. -->","yoast_head_json":{"title":"PORTFOLIO - Grupo Fraes","robots":{"index":"index","follow":"follow","max-snippet":"max-snippet:-1","max-image-preview":"max-image-preview:large","max-video-preview":"max-video-preview:-1"},"canonical":"https:\/\/grupofraes.com\/en\/portfolio\/","og_locale":"en_GB","og_type":"article","og_title":"PORTFOLIO - Grupo Fraes","og_description":"Villa Rosario\u00a0 Esta villa contempor\u00e1nea en Marbella, ubicada en la exclusiva Urbanizaci\u00f3n El Rosario, combina a la perfecci\u00f3n la arquitectura moderna con el estilo de vida mediterr\u00e1neo. Su fachada blanca y depurada, con l\u00edneas sim\u00e9tricas y vol\u00famenes bien definidos, transmite elegancia, luminosidad y sofisticaci\u00f3n. 2025 Villa San Antoni L\u00edneas modernas y vistas que lo envuelven [&hellip;]","og_url":"https:\/\/grupofraes.com\/en\/portfolio\/","og_site_name":"Grupo Fraes","article_modified_time":"2026-02-11T06:16:25+00:00","twitter_card":"summary_large_image","schema":{"@context":"https:\/\/schema.org","@graph":[{"@type":"WebPage","@id":"https:\/\/grupofraes.com\/portfolio","url":"https:\/\/grupofraes.com\/portfolio","name":"PORTFOLIO - Grupo Fraes","isPartOf":{"@id":"https:\/\/grupofraes.com\/#website"},"datePublished":"2026-01-24T08:47:15+00:00","dateModified":"2026-02-11T06:16:25+00:00","breadcrumb":{"@id":"https:\/\/grupofraes.com\/portfolio#breadcrumb"},"inLanguage":"en-GB","potentialAction":[{"@type":"ReadAction","target":["https:\/\/grupofraes.com\/portfolio"]}]},{"@type":"BreadcrumbList","@id":"https:\/\/grupofraes.com\/portfolio#breadcrumb","itemListElement":[{"@type":"ListItem","position":1,"name":"Portada","item":"https:\/\/grupofraes.com\/"},{"@type":"ListItem","position":2,"name":"PORTFOLIO"}]},{"@type":"WebSite","@id":"https:\/\/grupofraes.com\/#website","url":"https:\/\/grupofraes.com\/","name":"Grupo Fraes","description":"T\u00fa sue\u00f1as, nosotros lo construimos","potentialAction":[{"@type":"SearchAction","target":{"@type":"EntryPoint","urlTemplate":"https:\/\/grupofraes.com\/?s={search_term_string}"},"query-input":{"@type":"PropertyValueSpecification","valueRequired":true,"valueName":"search_term_string"}}],"inLanguage":"en-GB"}]}},"_links":{"self":[{"href":"https:\/\/grupofraes.com\/en\/wp-json\/wp\/v2\/pages\/461","targetHints":{"allow":["GET"]}}],"collection":[{"href":"https:\/\/grupofraes.com\/en\/wp-json\/wp\/v2\/pages"}],"about":[{"href":"https:\/\/grupofraes.com\/en\/wp-json\/wp\/v2\/types\/page"}],"author":[{"embeddable":true,"href":"https:\/\/grupofraes.com\/en\/wp-json\/wp\/v2\/users\/2"}],"replies":[{"embeddable":true,"href":"https:\/\/grupofraes.com\/en\/wp-json\/wp\/v2\/comments?post=461"}],"version-history":[{"count":63,"href":"https:\/\/grupofraes.com\/en\/wp-json\/wp\/v2\/pages\/461\/revisions"}],"predecessor-version":[{"id":1124,"href":"https:\/\/grupofraes.com\/en\/wp-json\/wp\/v2\/pages\/461\/revisions\/1124"}],"wp:attachment":[{"href":"https:\/\/grupofraes.com\/en\/wp-json\/wp\/v2\/media?parent=461"}],"curies":[{"name":"wp","href":"https:\/\/api.w.org\/{rel}","templated":true}]}}