{"id":1088,"date":"2026-02-03T09:19:10","date_gmt":"2026-02-03T09:19:10","guid":{"rendered":"https:\/\/grupofraes.com\/?page_id=1088"},"modified":"2026-02-03T09:21:52","modified_gmt":"2026-02-03T09:21:52","slug":"contacto","status":"publish","type":"page","link":"https:\/\/grupofraes.com\/en\/contacto","title":{"rendered":"CONTACT"},"content":{"rendered":"<p>[et_pb_section fb_built=\u00bb1&#8243; admin_label=\u00bbHero\u00bb _builder_version=\u00bb4.27.5&#8243; use_background_color_gradient=\u00bbon\u00bb background_color_gradient_type=\u00bbcircular\u00bb background_color_gradient_direction_radial=\u00bbtop left\u00bb background_color_gradient_stops=\u00bbrgba(255,255,255,0.92) 0%|rgba(41,58,143,0.52) 33%\u00bb background_color_gradient_overlays_image=\u00bbon\u00bb background_color_gradient_start=\u00bbrgba(40,40,40,0.79)\u00bb background_color_gradient_end=\u00bbrgba(40,40,40,0.86)\u00bb background_image=\u00bbhttps:\/\/grupofraes.com\/wp-content\/uploads\/2024\/01\/empresario-usando-laptop-e-celular-scaled.jpg\u00bb custom_padding=\u00bb0px||0px||true|false\u00bb global_colors_info=\u00bb{}\u00bb][et_pb_row column_structure=\u00bb1_2,1_2&#8243; use_custom_gutter=\u00bbon\u00bb make_equal=\u00bbon\u00bb padding_top_bottom_link_1=\u00bbtrue\u00bb padding_top_bottom_link_2=\u00bbtrue\u00bb padding_left_right_link_1=\u00bbtrue\u00bb padding_left_right_link_2=\u00bbtrue\u00bb background_color_gradient_type_1=\u00bbcircular\u00bb _builder_version=\u00bb4.27.5&#8243; width=\u00bb100%\u00bb max_width=\u00bb100%\u00bb custom_margin=\u00bb||154px||false|false\u00bb custom_padding=\u00bb0px||0px||true\u00bb use_custom_width=\u00bbon\u00bb width_unit=\u00bboff\u00bb custom_width_percent=\u00bb100%\u00bb global_colors_info=\u00bb{}\u00bb][et_pb_column type=\u00bb1_2&#8243; _builder_version=\u00bb4.23.4&#8243; background_color_gradient_start=\u00bbrgba(40,40,40,0.79)\u00bb background_color_gradient_end=\u00bbrgba(40,40,40,0.86)\u00bb custom_padding=\u00bb8vw|6vw|0vw|6vw|false|false\u00bb custom_padding_tablet=\u00bb10vw|10%|10vw|10%|true|true\u00bb custom_padding_phone=\u00bb10vw|10%|10vw|10%|true|true\u00bb custom_padding_last_edited=\u00bbon|desktop\u00bb global_colors_info=\u00bb{}\u00bb padding_tablet=\u00bb10vw|10%|10vw|10%|true|true\u00bb padding_last_edited=\u00bbon|desktop\u00bb custom_padding__hover=\u00bb|||\u00bb padding_phone=\u00bb10vw|10%|10vw|10%|true|true\u00bb][et_pb_text _builder_version=\u00bb4.27.5&#8243; text_font=\u00bb||||||||\u00bb header_font=\u00bbRubik|700|||||||\u00bb header_font_size=\u00bb64px\u00bb header_line_height=\u00bb1.1em\u00bb background_layout=\u00bbdark\u00bb max_width=\u00bb800px\u00bb custom_margin=\u00bb-78px||0px|-3px|false|false\u00bb custom_padding=\u00bb|||16px\u00bb animation_style=\u00bbslide\u00bb animation_direction=\u00bbleft\u00bb text_font_size_tablet=\u00bb14px\u00bb text_font_size_last_edited=\u00bboff|desktop\u00bb header_font_size_tablet=\u00bb44px\u00bb header_font_size_phone=\u00bb32px\u00bb header_font_size_last_edited=\u00bbon|phone\u00bb border_color_all=\u00bb#293A8F\u00bb border_width_left=\u00bb10px\u00bb global_colors_info=\u00bb{}\u00bb]<\/p>\n<h1 class=\"av-special-heading-tag\" itemprop=\"headline\" style=\"text-align: left;\">\u00bfHABLAMOS?<\/h1>\n<p>[\/et_pb_text][et_pb_text _builder_version=\u00bb4.27.5&#8243; text_font=\u00bb||||||||\u00bb text_font_size=\u00bb22px\u00bb text_line_height=\u00bb1.6em\u00bb header_font=\u00bb||||||||\u00bb background_layout=\u00bbdark\u00bb max_width=\u00bb800px\u00bb custom_margin=\u00bb17px||-1px||false|false\u00bb custom_padding=\u00bb0px||0px||true|false\u00bb animation_style=\u00bbfade\u00bb animation_delay=\u00bb250ms\u00bb hover_enabled=\u00bb0&#8243; text_font_size_tablet=\u00bb18px\u00bb text_font_size_phone=\u00bb\u00bb text_font_size_last_edited=\u00bbon|phone\u00bb global_colors_info=\u00bb{}\u00bb sticky_enabled=\u00bb0&#8243;]<\/p>\n<h5>Para m\u00e1s informaci\u00f3n o cualquier otra consulta ll\u00e1menos al tel\u00e9fono o rellene el formulario (especifique que servicio necesita) y nos pondremos en contacto a la mayor brevedad posible.<\/h5>\n<ul>\n<li>\n<h5>Constructora Marbella, Estepona y Costa del Sol.<\/h5>\n<\/li>\n<li>\n<h5>Jardiner\u00eda Marbella, Estepona y Costa del Sol.<\/h5>\n<\/li>\n<\/ul>\n<p>[\/et_pb_text][et_pb_contact_form email=\u00bbgrupo.fraes@gmail.com\u00bb _builder_version=\u00bb4.27.5&#8243; _module_preset=\u00bbdefault\u00bb _unique_id=\u00bb4078de80-5e92-4d75-a1dd-b6aea5c64d68&#8243; custom_button=\u00bbon\u00bb button_text_size=\u00bb20px\u00bb button_bg_color=\u00bbRGBA(255,255,255,0)\u00bb button_border_color=\u00bbRGBA(255,255,255,0)\u00bb button_border_radius=\u00bb3px\u00bb global_colors_info=\u00bb{}\u00bb][et_pb_contact_field field_id=\u00bbName\u00bb field_title=\u00bbNombre\u00bb _builder_version=\u00bb4.16&#8243; global_colors_info=\u00bb{}\u00bb button_text_size__hover_enabled=\u00bboff\u00bb button_one_text_size__hover_enabled=\u00bboff\u00bb button_two_text_size__hover_enabled=\u00bboff\u00bb button_text_color__hover_enabled=\u00bboff\u00bb button_one_text_color__hover_enabled=\u00bboff\u00bb button_two_text_color__hover_enabled=\u00bboff\u00bb button_border_width__hover_enabled=\u00bboff\u00bb button_one_border_width__hover_enabled=\u00bboff\u00bb button_two_border_width__hover_enabled=\u00bboff\u00bb button_border_color__hover_enabled=\u00bboff\u00bb button_one_border_color__hover_enabled=\u00bboff\u00bb button_two_border_color__hover_enabled=\u00bboff\u00bb button_border_radius__hover_enabled=\u00bboff\u00bb button_one_border_radius__hover_enabled=\u00bboff\u00bb button_two_border_radius__hover_enabled=\u00bboff\u00bb button_letter_spacing__hover_enabled=\u00bboff\u00bb button_one_letter_spacing__hover_enabled=\u00bboff\u00bb button_two_letter_spacing__hover_enabled=\u00bboff\u00bb button_bg_color__hover_enabled=\u00bboff\u00bb button_one_bg_color__hover_enabled=\u00bboff\u00bb button_two_bg_color__hover_enabled=\u00bboff\u00bb][\/et_pb_contact_field][et_pb_contact_field field_id=\u00bbEmail\u00bb field_title=\u00bbDirecci\u00f3n de correo electr\u00f3nico\u00bb field_type=\u00bbemail\u00bb _builder_version=\u00bb4.16&#8243; global_colors_info=\u00bb{}\u00bb button_text_size__hover_enabled=\u00bboff\u00bb button_one_text_size__hover_enabled=\u00bboff\u00bb button_two_text_size__hover_enabled=\u00bboff\u00bb button_text_color__hover_enabled=\u00bboff\u00bb button_one_text_color__hover_enabled=\u00bboff\u00bb button_two_text_color__hover_enabled=\u00bboff\u00bb button_border_width__hover_enabled=\u00bboff\u00bb button_one_border_width__hover_enabled=\u00bboff\u00bb button_two_border_width__hover_enabled=\u00bboff\u00bb button_border_color__hover_enabled=\u00bboff\u00bb button_one_border_color__hover_enabled=\u00bboff\u00bb button_two_border_color__hover_enabled=\u00bboff\u00bb button_border_radius__hover_enabled=\u00bboff\u00bb button_one_border_radius__hover_enabled=\u00bboff\u00bb button_two_border_radius__hover_enabled=\u00bboff\u00bb button_letter_spacing__hover_enabled=\u00bboff\u00bb button_one_letter_spacing__hover_enabled=\u00bboff\u00bb button_two_letter_spacing__hover_enabled=\u00bboff\u00bb button_bg_color__hover_enabled=\u00bboff\u00bb button_one_bg_color__hover_enabled=\u00bboff\u00bb button_two_bg_color__hover_enabled=\u00bboff\u00bb][\/et_pb_contact_field][et_pb_contact_field field_id=\u00bbMessage\u00bb field_title=\u00bbMensaje\u00bb field_type=\u00bbtext\u00bb fullwidth_field=\u00bbon\u00bb _builder_version=\u00bb4.16&#8243; global_colors_info=\u00bb{}\u00bb button_text_size__hover_enabled=\u00bboff\u00bb button_one_text_size__hover_enabled=\u00bboff\u00bb button_two_text_size__hover_enabled=\u00bboff\u00bb button_text_color__hover_enabled=\u00bboff\u00bb button_one_text_color__hover_enabled=\u00bboff\u00bb button_two_text_color__hover_enabled=\u00bboff\u00bb button_border_width__hover_enabled=\u00bboff\u00bb button_one_border_width__hover_enabled=\u00bboff\u00bb button_two_border_width__hover_enabled=\u00bboff\u00bb button_border_color__hover_enabled=\u00bboff\u00bb button_one_border_color__hover_enabled=\u00bboff\u00bb button_two_border_color__hover_enabled=\u00bboff\u00bb button_border_radius__hover_enabled=\u00bboff\u00bb button_one_border_radius__hover_enabled=\u00bboff\u00bb button_two_border_radius__hover_enabled=\u00bboff\u00bb button_letter_spacing__hover_enabled=\u00bboff\u00bb button_one_letter_spacing__hover_enabled=\u00bboff\u00bb button_two_letter_spacing__hover_enabled=\u00bboff\u00bb button_bg_color__hover_enabled=\u00bboff\u00bb button_one_bg_color__hover_enabled=\u00bboff\u00bb button_two_bg_color__hover_enabled=\u00bboff\u00bb][\/et_pb_contact_field][\/et_pb_contact_form][et_pb_social_media_follow follow_button=\u00bbon\u00bb _builder_version=\u00bb4.27.5&#8243; _module_preset=\u00bbdefault\u00bb global_colors_info=\u00bb{}\u00bb][et_pb_social_media_follow_network social_network=\u00bbfacebook\u00bb url=\u00bbhttps:\/\/www.facebook.com\/grupofraes\u00bb _builder_version=\u00bb4.27.5&#8243; _module_preset=\u00bbdefault\u00bb background_color=\u00bb#3b5998&#8243; global_colors_info=\u00bb{}\u00bb follow_button=\u00bbon\u00bb url_new_window=\u00bbon\u00bb]facebook[\/et_pb_social_media_follow_network][et_pb_social_media_follow_network social_network=\u00bbinstagram\u00bb url=\u00bbhttps:\/\/www.instagram.com\/grupofraes_\/\u00bb _builder_version=\u00bb4.27.5&#8243; _module_preset=\u00bbdefault\u00bb background_color=\u00bb#ea2c59&#8243; global_colors_info=\u00bb{}\u00bb follow_button=\u00bbon\u00bb url_new_window=\u00bbon\u00bb]instagram[\/et_pb_social_media_follow_network][\/et_pb_social_media_follow][\/et_pb_column][et_pb_column type=\u00bb1_2&#8243; _builder_version=\u00bb4.23.4&#8243; background_color=\u00bb#293A8F\u00bb custom_padding=\u00bb80px|168px|80px|40px|false|false\u00bb custom_padding_tablet=\u00bb|10%||10%||true\u00bb custom_padding_phone=\u00bb|10%||10%||true\u00bb custom_padding_last_edited=\u00bbon|desktop\u00bb global_colors_info=\u00bb{}\u00bb padding_tablet=\u00bb|10%||10%||true\u00bb padding_last_edited=\u00bbon|desktop\u00bb custom_padding__hover=\u00bb|||\u00bb padding_phone=\u00bb|10%||10%||true\u00bb][et_pb_code _builder_version=\u00bb4.24.0&#8243; _module_preset=\u00bbdefault\u00bb global_colors_info=\u00bb{}\u00bb]<script type=\"text\/javascript\" src=\"https:\/\/form.jotform.com\/jsform\/240653281275052\"><\/script>[\/et_pb_code][\/et_pb_column][\/et_pb_row][\/et_pb_section]<\/p>","protected":false},"excerpt":{"rendered":"<p>\u00bfHABLAMOS?Para m\u00e1s informaci\u00f3n o cualquier otra consulta ll\u00e1menos al tel\u00e9fono o rellene el formulario (especifique que servicio necesita) y nos pondremos en contacto a la mayor brevedad posible. Constructora Marbella, Estepona y Costa del Sol. Jardiner\u00eda Marbella, Estepona y Costa del Sol.<\/p>","protected":false},"author":1,"featured_media":0,"parent":0,"menu_order":0,"comment_status":"closed","ping_status":"closed","template":"","meta":{"_et_pb_use_builder":"on","_et_pb_old_content":"","_et_gb_content_width":"","_joinchat":[],"footnotes":""},"class_list":["post-1088","page","type-page","status-publish","hentry"],"yoast_head":"<!-- This site is optimized with the Yoast SEO plugin v26.8 - https:\/\/yoast.com\/product\/yoast-seo-wordpress\/ -->\n<title>CONTACTO - Grupo Fraes<\/title>\n<meta name=\"robots\" content=\"index, follow, max-snippet:-1, max-image-preview:large, max-video-preview:-1\" \/>\n<link rel=\"canonical\" href=\"https:\/\/www.grupofraes.com\/contacto\" \/>\n<meta property=\"og:locale\" content=\"en_GB\" \/>\n<meta property=\"og:type\" content=\"article\" \/>\n<meta property=\"og:title\" content=\"CONTACTO - Grupo Fraes\" \/>\n<meta property=\"og:description\" content=\"\u00bfHABLAMOS?Para m\u00e1s informaci\u00f3n o cualquier otra consulta ll\u00e1menos al tel\u00e9fono o rellene el formulario (especifique que servicio necesita) y nos pondremos en contacto a la mayor brevedad posible. Constructora Marbella, Estepona y Costa del Sol. Jardiner\u00eda Marbella, Estepona y Costa del Sol.\" \/>\n<meta property=\"og:url\" content=\"https:\/\/www.grupofraes.com\/contacto\" \/>\n<meta property=\"og:site_name\" content=\"Grupo Fraes\" \/>\n<meta property=\"article:modified_time\" content=\"2026-02-03T09:21:52+00:00\" \/>\n<meta name=\"twitter:card\" content=\"summary_large_image\" \/>\n<script type=\"application\/ld+json\" class=\"yoast-schema-graph\">{\"@context\":\"https:\/\/schema.org\",\"@graph\":[{\"@type\":\"WebPage\",\"@id\":\"https:\/\/www.grupofraes.com\/contacto\",\"url\":\"https:\/\/www.grupofraes.com\/contacto\",\"name\":\"CONTACTO - Grupo Fraes\",\"isPartOf\":{\"@id\":\"https:\/\/grupofraes.com\/#website\"},\"datePublished\":\"2026-02-03T09:19:10+00:00\",\"dateModified\":\"2026-02-03T09:21:52+00:00\",\"breadcrumb\":{\"@id\":\"https:\/\/www.grupofraes.com\/contacto#breadcrumb\"},\"inLanguage\":\"en-GB\",\"potentialAction\":[{\"@type\":\"ReadAction\",\"target\":[\"https:\/\/www.grupofraes.com\/contacto\"]}]},{\"@type\":\"BreadcrumbList\",\"@id\":\"https:\/\/www.grupofraes.com\/contacto#breadcrumb\",\"itemListElement\":[{\"@type\":\"ListItem\",\"position\":1,\"name\":\"Portada\",\"item\":\"https:\/\/grupofraes.com\/\"},{\"@type\":\"ListItem\",\"position\":2,\"name\":\"CONTACTO\"}]},{\"@type\":\"WebSite\",\"@id\":\"https:\/\/grupofraes.com\/#website\",\"url\":\"https:\/\/grupofraes.com\/\",\"name\":\"Grupo Fraes\",\"description\":\"T\u00fa sue\u00f1as, nosotros lo construimos\",\"potentialAction\":[{\"@type\":\"SearchAction\",\"target\":{\"@type\":\"EntryPoint\",\"urlTemplate\":\"https:\/\/grupofraes.com\/?s={search_term_string}\"},\"query-input\":{\"@type\":\"PropertyValueSpecification\",\"valueRequired\":true,\"valueName\":\"search_term_string\"}}],\"inLanguage\":\"en-GB\"}]}<\/script>\n<!-- \/ Yoast SEO plugin. -->","yoast_head_json":{"title":"CONTACTO - Grupo Fraes","robots":{"index":"index","follow":"follow","max-snippet":"max-snippet:-1","max-image-preview":"max-image-preview:large","max-video-preview":"max-video-preview:-1"},"canonical":"https:\/\/www.grupofraes.com\/contacto","og_locale":"en_GB","og_type":"article","og_title":"CONTACTO - Grupo Fraes","og_description":"\u00bfHABLAMOS?Para m\u00e1s informaci\u00f3n o cualquier otra consulta ll\u00e1menos al tel\u00e9fono o rellene el formulario (especifique que servicio necesita) y nos pondremos en contacto a la mayor brevedad posible. Constructora Marbella, Estepona y Costa del Sol. Jardiner\u00eda Marbella, Estepona y Costa del Sol.","og_url":"https:\/\/www.grupofraes.com\/contacto","og_site_name":"Grupo Fraes","article_modified_time":"2026-02-03T09:21:52+00:00","twitter_card":"summary_large_image","schema":{"@context":"https:\/\/schema.org","@graph":[{"@type":"WebPage","@id":"https:\/\/www.grupofraes.com\/contacto","url":"https:\/\/www.grupofraes.com\/contacto","name":"CONTACTO - Grupo Fraes","isPartOf":{"@id":"https:\/\/grupofraes.com\/#website"},"datePublished":"2026-02-03T09:19:10+00:00","dateModified":"2026-02-03T09:21:52+00:00","breadcrumb":{"@id":"https:\/\/www.grupofraes.com\/contacto#breadcrumb"},"inLanguage":"en-GB","potentialAction":[{"@type":"ReadAction","target":["https:\/\/www.grupofraes.com\/contacto"]}]},{"@type":"BreadcrumbList","@id":"https:\/\/www.grupofraes.com\/contacto#breadcrumb","itemListElement":[{"@type":"ListItem","position":1,"name":"Portada","item":"https:\/\/grupofraes.com\/"},{"@type":"ListItem","position":2,"name":"CONTACTO"}]},{"@type":"WebSite","@id":"https:\/\/grupofraes.com\/#website","url":"https:\/\/grupofraes.com\/","name":"Grupo Fraes","description":"T\u00fa sue\u00f1as, nosotros lo construimos","potentialAction":[{"@type":"SearchAction","target":{"@type":"EntryPoint","urlTemplate":"https:\/\/grupofraes.com\/?s={search_term_string}"},"query-input":{"@type":"PropertyValueSpecification","valueRequired":true,"valueName":"search_term_string"}}],"inLanguage":"en-GB"}]}},"_links":{"self":[{"href":"https:\/\/grupofraes.com\/en\/wp-json\/wp\/v2\/pages\/1088","targetHints":{"allow":["GET"]}}],"collection":[{"href":"https:\/\/grupofraes.com\/en\/wp-json\/wp\/v2\/pages"}],"about":[{"href":"https:\/\/grupofraes.com\/en\/wp-json\/wp\/v2\/types\/page"}],"author":[{"embeddable":true,"href":"https:\/\/grupofraes.com\/en\/wp-json\/wp\/v2\/users\/1"}],"replies":[{"embeddable":true,"href":"https:\/\/grupofraes.com\/en\/wp-json\/wp\/v2\/comments?post=1088"}],"version-history":[{"count":14,"href":"https:\/\/grupofraes.com\/en\/wp-json\/wp\/v2\/pages\/1088\/revisions"}],"predecessor-version":[{"id":1120,"href":"https:\/\/grupofraes.com\/en\/wp-json\/wp\/v2\/pages\/1088\/revisions\/1120"}],"wp:attachment":[{"href":"https:\/\/grupofraes.com\/en\/wp-json\/wp\/v2\/media?parent=1088"}],"curies":[{"name":"wp","href":"https:\/\/api.w.org\/{rel}","templated":true}]}}